{"id":174,"date":"2026-02-22T00:39:16","date_gmt":"2026-02-22T00:39:16","guid":{"rendered":"https:\/\/www.unelmakodix.fi\/?page_id=174"},"modified":"2026-03-07T23:25:57","modified_gmt":"2026-03-07T21:25:57","slug":"tietosuojaseloste-gdpr","status":"publish","type":"page","link":"https:\/\/www.unelmakodix.fi\/index.php\/tietosuojaseloste-gdpr\/","title":{"rendered":"Tietosuojaseloste (GDPR)"},"content":{"rendered":"\n<p style=\"font-size:15px\">UNELMAKODIX k\u00e4sittelee henkil\u00f6tietoja EU:n tietosuoja-asetuksen (GDPR) mukaisesti.<br><br><strong>Ker\u00e4tt\u00e4v\u00e4t tiedot:<\/strong><br>&#8211; Nimi<br>&#8211; Osoite<br>&#8211; S\u00e4hk\u00f6posti<br>&#8211; Puhelinnumero<br>&#8211; Maksutiedot (Stripe)<br><br><strong>K\u00e4ytt\u00f6tarkoitus:<\/strong><br>Tietoja k\u00e4ytet\u00e4\u00e4n tilausten k\u00e4sittelyyn ja asiakaspalveluun.<br><br><strong>Kolmannet osapuolet:<\/strong><br>Tietoja v\u00e4litet\u00e4\u00e4n maksupalveluntarjoajille (Stripe) sek\u00e4 tuotantokumppanille (Printify) tilauksen toimittamista varten.<br><br>Asiakkaalla on oikeus tarkastaa, korjata tai pyyt\u00e4\u00e4 tietojensa poistamista.<br><br><strong>Yhteydenotot:<\/strong><br><a href=\"mailto:asiakaspalvelu@unelmakodix.fi\" target=\"_blank\" rel=\"noreferrer noopener\">asiakaspalvelu@unelmakodix.fi<\/a><\/p>\n\n\n\n<p><\/p>\n","protected":false},"excerpt":{"rendered":"<p>UNELMAKODIX k\u00e4sittelee henkil\u00f6tietoja EU:n tietosuoja-asetuksen (GDPR) mukaisesti. Ker\u00e4tt\u00e4v\u00e4t tiedot:&#8211; Nimi&#8211; Osoite&#8211; S\u00e4hk\u00f6posti&#8211; Puhelinnumero&#8211; Maksutiedot (Stripe) K\u00e4ytt\u00f6tarkoitus:Tietoja k\u00e4ytet\u00e4\u00e4n tilausten k\u00e4sittelyyn ja [&hellip;]<\/p>\n","protected":false},"author":1,"featured_media":0,"parent":0,"menu_order":0,"comment_status":"closed","ping_status":"closed","template":"","meta":{"site-sidebar-layout":"default","site-content-layout":"","ast-site-content-layout":"default","site-content-style":"default","site-sidebar-style":"default","ast-global-header-display":"","ast-banner-title-visibility":"","ast-main-header-display":"","ast-hfb-above-header-display":"","ast-hfb-below-header-display":"","ast-hfb-mobile-header-display":"","site-post-title":"","ast-breadcrumbs-content":"","ast-featured-img":"","footer-sml-layout":"","ast-disable-related-posts":"","theme-transparent-header-meta":"","adv-header-id-meta":"","stick-header-meta":"","header-above-stick-meta":"","header-main-stick-meta":"","header-below-stick-meta":"","astra-migrate-meta-layouts":"default","ast-page-background-enabled":"default","ast-page-background-meta":{"desktop":{"background-color":"var(--ast-global-color-5)","background-image":"","background-repeat":"repeat","background-position":"center center","background-size":"auto","background-attachment":"scroll","background-type":"","background-media":"","overlay-type":"","overlay-color":"","overlay-opacity":"","overlay-gradient":""},"tablet":{"background-color":"","background-image":"","background-repeat":"repeat","background-position":"center center","background-size":"auto","background-attachment":"scroll","background-type":"","background-media":"","overlay-type":"","overlay-color":"","overlay-opacity":"","overlay-gradient":""},"mobile":{"background-color":"","background-image":"","background-repeat":"repeat","background-position":"center center","background-size":"auto","background-attachment":"scroll","background-type":"","background-media":"","overlay-type":"","overlay-color":"","overlay-opacity":"","overlay-gradient":""}},"ast-content-background-meta":{"desktop":{"background-color":"var(--ast-global-color-4)","background-image":"","background-repeat":"repeat","background-position":"center center","background-size":"auto","background-attachment":"scroll","background-type":"","background-media":"","overlay-type":"","overlay-color":"","overlay-opacity":"","overlay-gradient":""},"tablet":{"background-color":"var(--ast-global-color-4)","background-image":"","background-repeat":"repeat","background-position":"center center","background-size":"auto","background-attachment":"scroll","background-type":"","background-media":"","overlay-type":"","overlay-color":"","overlay-opacity":"","overlay-gradient":""},"mobile":{"background-color":"var(--ast-global-color-4)","background-image":"","background-repeat":"repeat","background-position":"center center","background-size":"auto","background-attachment":"scroll","background-type":"","background-media":"","overlay-type":"","overlay-color":"","overlay-opacity":"","overlay-gradient":""}},"footnotes":""},"class_list":["post-174","page","type-page","status-publish","hentry"],"_links":{"self":[{"href":"https:\/\/www.unelmakodix.fi\/index.php\/wp-json\/wp\/v2\/pages\/174","targetHints":{"allow":["GET"]}}],"collection":[{"href":"https:\/\/www.unelmakodix.fi\/index.php\/wp-json\/wp\/v2\/pages"}],"about":[{"href":"https:\/\/www.unelmakodix.fi\/index.php\/wp-json\/wp\/v2\/types\/page"}],"author":[{"embeddable":true,"href":"https:\/\/www.unelmakodix.fi\/index.php\/wp-json\/wp\/v2\/users\/1"}],"replies":[{"embeddable":true,"href":"https:\/\/www.unelmakodix.fi\/index.php\/wp-json\/wp\/v2\/comments?post=174"}],"version-history":[{"count":3,"href":"https:\/\/www.unelmakodix.fi\/index.php\/wp-json\/wp\/v2\/pages\/174\/revisions"}],"predecessor-version":[{"id":989,"href":"https:\/\/www.unelmakodix.fi\/index.php\/wp-json\/wp\/v2\/pages\/174\/revisions\/989"}],"wp:attachment":[{"href":"https:\/\/www.unelmakodix.fi\/index.php\/wp-json\/wp\/v2\/media?parent=174"}],"curies":[{"name":"wp","href":"https:\/\/api.w.org\/{rel}","templated":true}]}}