{"id":354,"date":"2026-02-22T16:36:15","date_gmt":"2026-02-22T14:36:15","guid":{"rendered":"https:\/\/www.unelmakodix.fi\/index.php\/tuote\/unelmakodix-unelman-toteuttaja-classic-t-paita-mustalla-tekstilla\/"},"modified":"2026-04-09T22:01:27","modified_gmt":"2026-04-09T19:01:27","slug":"unelmakodix-unelman-toteuttaja-classic-t-paita-mustalla-tekstilla","status":"publish","type":"product","link":"https:\/\/www.unelmakodix.fi\/index.php\/tuote\/unelmakodix-unelman-toteuttaja-classic-t-paita-mustalla-tekstilla\/","title":{"rendered":"UNELMAKODIX Classic T-paita &#8211; Unelman toteuttaja"},"content":{"rendered":"<p style=\"font-size: small;font-weight: 400\"><span>UNELMAKODIX ei ole vain vaate.<\/span><\/p>\n<p style=\"font-size: small;font-weight: 400\"><span>Se on muistutus siit\u00e4, ett\u00e4 unelmat ovat tehty toteutettaviksi.<\/span><\/p>\n<p style=\"font-size: small;font-weight: 400\">\n<p style=\"font-size: small;font-weight: 400\"><span>T\u00e4m\u00e4 premium-laatuinen t-paita yhdist\u00e4\u00e4 mukavuuden ja rohkean minimalistisen designin.<\/span><\/p>\n<p style=\"font-size: small;font-weight: 400\">\n<p style=\"font-size: small;font-weight: 400\"><span><img decoding=\"async\" src=\"https:\/\/fonts.gstatic.com\/s\/e\/notoemoji\/17.0\/2714\/72.png\" alt=\"\u2714\">\u00a0Pehme\u00e4 ja kest\u00e4v\u00e4 puuvilla<\/span><\/p>\n<p style=\"font-size: small;font-weight: 400\"><span><img decoding=\"async\" src=\"https:\/\/fonts.gstatic.com\/s\/e\/notoemoji\/17.0\/2714\/72.png\" alt=\"\u2714\">\u00a0Ajaton unisex-istuvuus<\/span><\/p>\n<p style=\"font-size: small;font-weight: 400\"><span><img decoding=\"async\" src=\"https:\/\/fonts.gstatic.com\/s\/e\/notoemoji\/17.0\/2714\/72.png\" alt=\"\u2714\">\u00a0Printti, joka kest\u00e4\u00e4 pesun<\/span><\/p>\n<p style=\"font-size: small;font-weight: 400\">\n<p style=\"font-size: small;font-weight: 400\"><span>UNELMAKODIX \u2013 Unelman toteuttaja.<\/span><\/p>\n<p><strong>EU representative<\/strong>: Zan&#039;s Works, asiakaspalvelu@unelmakodix.fi, Siltakyl\u00e4nkuja 4, Helsinki, Helsinki, 00740, FI<\/p>\n<p><strong>Product information<\/strong>: Gildan 5000, 2 year warranty in EU and Northern Ireland as per Directive 1999\/44\/EC<\/p>\n<p><strong>Warnings, Hazard<\/strong>: For adults, Made in Nicaragua<\/p>\n<p><strong>Care instructions<\/strong>: Machine wash: cold (max 30C or 90F), Non-chlorine: bleach as needed, Tumble dry: low heat, Do not iron, Do not dryclean<\/p>\n","protected":false},"excerpt":{"rendered":"<p>UNELMAKODIX ei ole vain vaate. Se on muistutus siit\u00e4, ett\u00e4 unelmat ovat tehty toteutettaviksi. T\u00e4m\u00e4 premium-laatuinen t-paita yhdist\u00e4\u00e4 mukavuuden ja [&hellip;]<\/p>\n","protected":false},"featured_media":427,"comment_status":"open","ping_status":"closed","template":"","meta":{"site-sidebar-layout":"default","site-content-layout":"","ast-site-content-layout":"default","site-content-style":"default","site-sidebar-style":"default","ast-global-header-display":"","ast-banner-title-visibility":"","ast-main-header-display":"","ast-hfb-above-header-display":"","ast-hfb-below-header-display":"","ast-hfb-mobile-header-display":"","site-post-title":"","ast-breadcrumbs-content":"","ast-featured-img":"","footer-sml-layout":"","ast-disable-related-posts":"","theme-transparent-header-meta":"","adv-header-id-meta":"","stick-header-meta":"","header-above-stick-meta":"","header-main-stick-meta":"","header-below-stick-meta":"","astra-migrate-meta-layouts":"default","ast-page-background-enabled":"default","ast-page-background-meta":{"desktop":{"background-color":"var(--ast-global-color-5)","background-image":"","background-repeat":"repeat","background-position":"center center","background-size":"auto","background-attachment":"scroll","background-type":"","background-media":"","overlay-type":"","overlay-color":"","overlay-opacity":"","overlay-gradient":""},"tablet":{"background-color":"","background-image":"","background-repeat":"repeat","background-position":"center center","background-size":"auto","background-attachment":"scroll","background-type":"","background-media":"","overlay-type":"","overlay-color":"","overlay-opacity":"","overlay-gradient":""},"mobile":{"background-color":"","background-image":"","background-repeat":"repeat","background-position":"center center","background-size":"auto","background-attachment":"scroll","background-type":"","background-media":"","overlay-type":"","overlay-color":"","overlay-opacity":"","overlay-gradient":""}},"ast-content-background-meta":{"desktop":{"background-color":"var(--ast-global-color-4)","background-image":"","background-repeat":"repeat","background-position":"center center","background-size":"auto","background-attachment":"scroll","background-type":"","background-media":"","overlay-type":"","overlay-color":"","overlay-opacity":"","overlay-gradient":""},"tablet":{"background-color":"var(--ast-global-color-4)","background-image":"","background-repeat":"repeat","background-position":"center center","background-size":"auto","background-attachment":"scroll","background-type":"","background-media":"","overlay-type":"","overlay-color":"","overlay-opacity":"","overlay-gradient":""},"mobile":{"background-color":"var(--ast-global-color-4)","background-image":"","background-repeat":"repeat","background-position":"center center","background-size":"auto","background-attachment":"scroll","background-type":"","background-media":"","overlay-type":"","overlay-color":"","overlay-opacity":"","overlay-gradient":""}}},"product_brand":[],"product_cat":[15],"product_tag":[],"class_list":{"0":"post-354","1":"product","2":"type-product","3":"status-publish","4":"has-post-thumbnail","6":"product_cat-yleinen","7":"desktop-align-left","8":"tablet-align-left","9":"mobile-align-left","11":"first","12":"instock","13":"shipping-taxable","14":"purchasable","15":"product-type-variable","16":"has-default-attributes"},"_links":{"self":[{"href":"https:\/\/www.unelmakodix.fi\/index.php\/wp-json\/wp\/v2\/product\/354","targetHints":{"allow":["GET"]}}],"collection":[{"href":"https:\/\/www.unelmakodix.fi\/index.php\/wp-json\/wp\/v2\/product"}],"about":[{"href":"https:\/\/www.unelmakodix.fi\/index.php\/wp-json\/wp\/v2\/types\/product"}],"replies":[{"embeddable":true,"href":"https:\/\/www.unelmakodix.fi\/index.php\/wp-json\/wp\/v2\/comments?post=354"}],"wp:featuredmedia":[{"embeddable":true,"href":"https:\/\/www.unelmakodix.fi\/index.php\/wp-json\/wp\/v2\/media\/427"}],"wp:attachment":[{"href":"https:\/\/www.unelmakodix.fi\/index.php\/wp-json\/wp\/v2\/media?parent=354"}],"wp:term":[{"taxonomy":"product_brand","embeddable":true,"href":"https:\/\/www.unelmakodix.fi\/index.php\/wp-json\/wp\/v2\/product_brand?post=354"},{"taxonomy":"product_cat","embeddable":true,"href":"https:\/\/www.unelmakodix.fi\/index.php\/wp-json\/wp\/v2\/product_cat?post=354"},{"taxonomy":"product_tag","embeddable":true,"href":"https:\/\/www.unelmakodix.fi\/index.php\/wp-json\/wp\/v2\/product_tag?post=354"}],"curies":[{"name":"wp","href":"https:\/\/api.w.org\/{rel}","templated":true}]}}