{"id":815,"date":"2026-02-22T18:33:33","date_gmt":"2026-02-22T16:33:33","guid":{"rendered":"https:\/\/www.unelmakodix.fi\/index.php\/tuote\/unelmakodix-unisex-fleece-huppari-unelman-toteuttaja\/"},"modified":"2026-03-09T14:33:34","modified_gmt":"2026-03-09T12:33:34","slug":"unelmakodix-unisex-fleece-huppari-unelman-toteuttaja","status":"publish","type":"product","link":"https:\/\/www.unelmakodix.fi\/index.php\/tuote\/unelmakodix-unisex-fleece-huppari-unelman-toteuttaja\/","title":{"rendered":"UNELMAKODIX Unisex Fleece Huppari \u2013 Unelman toteuttaja"},"content":{"rendered":"<p style=\"padding: 0px;font-weight: 400;font-size: small\"><span>Tyylik\u00e4s ja laadukas UNELMAKODIX-huppari rohkealla mutta minimalistisella logolla.<\/span><\/p>\n<p style=\"padding: 0px;font-weight: 400;font-size: small\"><span>T\u00e4m\u00e4 midweight softstyle fleece -huppari yhdist\u00e4\u00e4 pehmeyden, mukavuuden ja kest\u00e4vyyden \u2013 t\u00e4ydellinen arkeen, vapaa-aikaan ja viileisiin iltoihin.<\/span><\/p>\n<p style=\"padding: 0px;font-weight: 400;font-size: small\"><span>Sis\u00e4pinnan harjattu fleece tuntuu miellytt\u00e4v\u00e4lt\u00e4 ihoa vasten, ja klassinen unisex-leikkaus sopii niin miehille kuin naisille.<\/span><\/p>\n<p style=\"padding: 0px;font-weight: 400;font-size: small\">\n<p style=\"padding: 0px;font-weight: 400;font-size: small\"><span>UNELMAKODIX \u2013 Unelman toteuttaja.<\/span><\/p>\n<p style=\"padding: 0px;font-weight: 400;font-size: small\">\n<p style=\"padding: 0px;font-weight: 400;font-size: small\"><span><img decoding=\"async\" src=\"https:\/\/fonts.gstatic.com\/s\/e\/notoemoji\/17.0\/2714\/72.png\" alt=\"\u2714\">\u00a0Pehme\u00e4 fleece-sis\u00e4pinta<\/span><\/p>\n<p style=\"padding: 0px;font-weight: 400;font-size: small\"><span><img decoding=\"async\" src=\"https:\/\/fonts.gstatic.com\/s\/e\/notoemoji\/17.0\/2714\/72.png\" alt=\"\u2714\">\u00a0Keskipaksu ja mukava materiaali<\/span><\/p>\n<p style=\"padding: 0px;font-weight: 400;font-size: small\"><span><img decoding=\"async\" src=\"https:\/\/fonts.gstatic.com\/s\/e\/notoemoji\/17.0\/2714\/72.png\" alt=\"\u2714\">\u00a0Kengurutasku edess\u00e4<\/span><\/p>\n<p style=\"padding: 0px;font-weight: 400;font-size: small\"><span><img decoding=\"async\" src=\"https:\/\/fonts.gstatic.com\/s\/e\/notoemoji\/17.0\/2714\/72.png\" alt=\"\u2714\">\u00a0Kiristysny\u00f6rit hupussa<\/span><\/p>\n<p style=\"padding: 0px;font-weight: 400;font-size: small\"><span><img decoding=\"async\" src=\"https:\/\/fonts.gstatic.com\/s\/e\/notoemoji\/17.0\/2714\/72.png\" alt=\"\u2714\">\u00a0Kest\u00e4v\u00e4 ja laadukas painatus<\/span><\/p>\n<p style=\"padding: 0px;font-weight: 400;font-size: small\">\n<p style=\"padding: 0px;font-weight: 400;font-size: small\"><span>Materiaali &amp; ominaisuudet<\/span><\/p>\n<p style=\"padding: 0px;font-weight: 400;font-size: small\"><span>Midweight fleece<\/span><\/p>\n<p style=\"padding: 0px;font-weight: 400;font-size: small\"><span>Puuvilla \/ polyesterisekoitus (tarkka koostumus riippuu v\u00e4rist\u00e4)<\/span><\/p>\n<p style=\"padding: 0px;font-weight: 400;font-size: small\"><span>Normaali mitoitus (true to size)<\/span><\/p>\n<p style=\"padding: 0px;font-weight: 400;font-size: small\"><span>Ribbineulos hihansuissa ja helmassa<\/span><\/p>\n<p style=\"padding: 0px;font-weight: 400;font-size: small\"><span>Valmistetaan tilauksesta<\/span><\/p>\n<p style=\"padding: 0px;font-weight: 400;font-size: small\">\n<p style=\"padding: 0px;font-weight: 400;font-size: small\"><span>Kokosuositus<\/span><\/p>\n<p style=\"padding: 0px;font-weight: 400;font-size: small\"><span>Normaali istuvuus.<\/span><\/p>\n<p style=\"padding: 0px;font-weight: 400;font-size: small\"><span>Jos haluat rennomman \/ oversized-tyylin, valitse yksi koko suurempi.<\/span><\/p>\n<p><strong>EU representative<\/strong>: Zan&#8217;s Works, asiakaspalvelu@unelmakodix.fi, Siltakyl\u00e4nkuja 4, Helsinki, Helsinki, 00740, FI<\/p>\n<p><strong>Product information<\/strong>: Gildan SF500, 2 year warranty in EU and Northern Ireland as per Directive 1999\/44\/EC<\/p>\n<p><strong>Care instructions<\/strong>: Machine wash: cold (max 30C or 90F), gentle cycle, Non-chlorine: bleach as needed, Tumble dry: low heat, Iron, steam or dry: low heat, Do not dryclean<\/p>\n","protected":false},"excerpt":{"rendered":"<p>Tyylik\u00e4s ja laadukas UNELMAKODIX-huppari rohkealla mutta minimalistisella logolla. T\u00e4m\u00e4 midweight softstyle fleece -huppari yhdist\u00e4\u00e4 pehmeyden, mukavuuden ja kest\u00e4vyyden \u2013 t\u00e4ydellinen [&hellip;]<\/p>\n","protected":false},"featured_media":890,"comment_status":"open","ping_status":"closed","template":"","meta":{"site-sidebar-layout":"default","site-content-layout":"","ast-site-content-layout":"default","site-content-style":"default","site-sidebar-style":"default","ast-global-header-display":"","ast-banner-title-visibility":"","ast-main-header-display":"","ast-hfb-above-header-display":"","ast-hfb-below-header-display":"","ast-hfb-mobile-header-display":"","site-post-title":"","ast-breadcrumbs-content":"","ast-featured-img":"","footer-sml-layout":"","ast-disable-related-posts":"","theme-transparent-header-meta":"","adv-header-id-meta":"","stick-header-meta":"","header-above-stick-meta":"","header-main-stick-meta":"","header-below-stick-meta":"","astra-migrate-meta-layouts":"default","ast-page-background-enabled":"default","ast-page-background-meta":{"desktop":{"background-color":"var(--ast-global-color-5)","background-image":"","background-repeat":"repeat","background-position":"center center","background-size":"auto","background-attachment":"scroll","background-type":"","background-media":"","overlay-type":"","overlay-color":"","overlay-opacity":"","overlay-gradient":""},"tablet":{"background-color":"","background-image":"","background-repeat":"repeat","background-position":"center center","background-size":"auto","background-attachment":"scroll","background-type":"","background-media":"","overlay-type":"","overlay-color":"","overlay-opacity":"","overlay-gradient":""},"mobile":{"background-color":"","background-image":"","background-repeat":"repeat","background-position":"center center","background-size":"auto","background-attachment":"scroll","background-type":"","background-media":"","overlay-type":"","overlay-color":"","overlay-opacity":"","overlay-gradient":""}},"ast-content-background-meta":{"desktop":{"background-color":"var(--ast-global-color-4)","background-image":"","background-repeat":"repeat","background-position":"center center","background-size":"auto","background-attachment":"scroll","background-type":"","background-media":"","overlay-type":"","overlay-color":"","overlay-opacity":"","overlay-gradient":""},"tablet":{"background-color":"var(--ast-global-color-4)","background-image":"","background-repeat":"repeat","background-position":"center center","background-size":"auto","background-attachment":"scroll","background-type":"","background-media":"","overlay-type":"","overlay-color":"","overlay-opacity":"","overlay-gradient":""},"mobile":{"background-color":"var(--ast-global-color-4)","background-image":"","background-repeat":"repeat","background-position":"center center","background-size":"auto","background-attachment":"scroll","background-type":"","background-media":"","overlay-type":"","overlay-color":"","overlay-opacity":"","overlay-gradient":""}}},"product_brand":[],"product_cat":[15],"product_tag":[],"class_list":{"0":"post-815","1":"product","2":"type-product","3":"status-publish","4":"has-post-thumbnail","6":"product_cat-yleinen","7":"desktop-align-left","8":"tablet-align-left","9":"mobile-align-left","11":"first","12":"instock","13":"shipping-taxable","14":"purchasable","15":"product-type-variable","16":"has-default-attributes"},"_links":{"self":[{"href":"https:\/\/www.unelmakodix.fi\/index.php\/wp-json\/wp\/v2\/product\/815","targetHints":{"allow":["GET"]}}],"collection":[{"href":"https:\/\/www.unelmakodix.fi\/index.php\/wp-json\/wp\/v2\/product"}],"about":[{"href":"https:\/\/www.unelmakodix.fi\/index.php\/wp-json\/wp\/v2\/types\/product"}],"replies":[{"embeddable":true,"href":"https:\/\/www.unelmakodix.fi\/index.php\/wp-json\/wp\/v2\/comments?post=815"}],"wp:featuredmedia":[{"embeddable":true,"href":"https:\/\/www.unelmakodix.fi\/index.php\/wp-json\/wp\/v2\/media\/890"}],"wp:attachment":[{"href":"https:\/\/www.unelmakodix.fi\/index.php\/wp-json\/wp\/v2\/media?parent=815"}],"wp:term":[{"taxonomy":"product_brand","embeddable":true,"href":"https:\/\/www.unelmakodix.fi\/index.php\/wp-json\/wp\/v2\/product_brand?post=815"},{"taxonomy":"product_cat","embeddable":true,"href":"https:\/\/www.unelmakodix.fi\/index.php\/wp-json\/wp\/v2\/product_cat?post=815"},{"taxonomy":"product_tag","embeddable":true,"href":"https:\/\/www.unelmakodix.fi\/index.php\/wp-json\/wp\/v2\/product_tag?post=815"}],"curies":[{"name":"wp","href":"https:\/\/api.w.org\/{rel}","templated":true}]}}